{"id":183,"date":"2020-05-26T14:47:24","date_gmt":"2020-05-26T14:47:24","guid":{"rendered":"http:\/\/www.remigiopalumbo.it\/?page_id=183"},"modified":"2020-05-26T15:02:55","modified_gmt":"2020-05-26T15:02:55","slug":"home","status":"publish","type":"page","link":"https:\/\/www.remigiopalumbo.it\/?page_id=183","title":{"rendered":"Ciao a tutti!"},"content":{"rendered":"\n<div class=\"wp-block-image\"><figure class=\"alignleft\"><img loading=\"lazy\" decoding=\"async\" width=\"100\" height=\"100\" src=\"https:\/\/www.remigiopalumbo.it\/wp-content\/uploads\/2016\/05\/rem.png\" alt=\"\" class=\"wp-image-155\"\/><\/figure><\/div>\n\n\n\n<div class=\"wp-block-group\"><div class=\"wp-block-group__inner-container is-layout-flow wp-block-group-is-layout-flow\">\n<p class=\"has-medium-font-size\">Il mio nome \u00e8 Remigio. Mi piace pensare di me stesso, oggi, come un &#8216;web-developer&#8217;. Ho realizzato siti web e script vari dal 2005 e sto costruendo questo sito per memorizzare note e come vado avanti. Ma poi lo faccio solo come hobby \u2026 che pu\u00f2 ancora tenere molto occupato.<br>Ho iniziato a coltivare la passione per l&#8217;informatica nel lontano 1983 come programmatore\u00a0<a href=\"https:\/\/it.wikipedia.org\/wiki\/COBOL\" target=\"_blank\" rel=\"noreferrer noopener\">Cobol<\/a>\u00a0presso un CED (Centro Elaborazione Dati) su un grande Mainframe, per un&#8217;istituzione pubblica e da allora ho seguito tutta l&#8217;evoluzione del settore, dall&#8217;avvento dei primi PC (Personal Computer) su piattaforma 80&#215;86, ai moderni processori Intel\u00ae Core&#x2122; vPro&#x2122; di seconda generazione.<br>Sono un sistemista (dal 1999), esperto di reti (LAN e WAN), ho lavorato in una Server Farm e Call-center di assistenza tecnica (per una grande azienda). Sembra bello e semplice \u2026Prendi un LAMP (Linux, Apache, MySQL, e PHP) configurazione del server, installate CMS (Joomla! &#8211; WordPress ecc.) nella vostra web root, e il gioco \u00e8 fatto \u2026 come tutte le chiacchiere e teoria, ma non significa niente finch\u00e9 non si \u00e8 seduto a farlo.<br>Spero di non scoraggiarti \u2026.. \ud83d\ude41 Joomla! &#8211; WordPress ecc., come ogni grande progetto, spesso pu\u00f2 coinvolgere molto e richiede pi\u00f9 lavoro . Ho amici che non sono programmatori ma solo &#8216;smanettoni felici\u2026&#8217; \ud83d\ude09 ed \u00e8 per questo che so che \u00e8 possibile impostare un sito web con solo un sacco di pazienza e la volont\u00e0 di imparare \u2026 non in 5 minuti di lavoro.<\/p>\n<\/div><\/div>\n\n\n\n<p><\/p>\n","protected":false},"excerpt":{"rendered":"<p>Il mio nome \u00e8 Remigio. Mi piace pensare di me stesso, oggi, come un &#8216;web-developer&#8217;. Ho realizzato siti web e script vari dal 2005 e sto costruendo questo sito per memorizzare note e come vado avanti. Ma poi lo faccio solo come hobby \u2026 che pu\u00f2 ancora tenere molto occupato.Ho iniziato a coltivare la passione &hellip; <\/p>\n<p class=\"link-more\"><a href=\"https:\/\/www.remigiopalumbo.it\/?page_id=183\" class=\"more-link\">Leggi tutto<span class=\"screen-reader-text\"> &#8220;Ciao a tutti!&#8221;<\/span><\/a><\/p>\n","protected":false},"author":1,"featured_media":0,"parent":0,"menu_order":0,"comment_status":"closed","ping_status":"closed","template":"","meta":{"footnotes":"","_links_to":"","_links_to_target":""},"class_list":["post-183","page","type-page","status-publish","hentry"],"_links":{"self":[{"href":"https:\/\/www.remigiopalumbo.it\/index.php?rest_route=\/wp\/v2\/pages\/183","targetHints":{"allow":["GET"]}}],"collection":[{"href":"https:\/\/www.remigiopalumbo.it\/index.php?rest_route=\/wp\/v2\/pages"}],"about":[{"href":"https:\/\/www.remigiopalumbo.it\/index.php?rest_route=\/wp\/v2\/types\/page"}],"author":[{"embeddable":true,"href":"https:\/\/www.remigiopalumbo.it\/index.php?rest_route=\/wp\/v2\/users\/1"}],"replies":[{"embeddable":true,"href":"https:\/\/www.remigiopalumbo.it\/index.php?rest_route=%2Fwp%2Fv2%2Fcomments&post=183"}],"version-history":[{"count":5,"href":"https:\/\/www.remigiopalumbo.it\/index.php?rest_route=\/wp\/v2\/pages\/183\/revisions"}],"predecessor-version":[{"id":192,"href":"https:\/\/www.remigiopalumbo.it\/index.php?rest_route=\/wp\/v2\/pages\/183\/revisions\/192"}],"wp:attachment":[{"href":"https:\/\/www.remigiopalumbo.it\/index.php?rest_route=%2Fwp%2Fv2%2Fmedia&parent=183"}],"curies":[{"name":"wp","href":"https:\/\/api.w.org\/{rel}","templated":true}]}}